{"id":7,"date":"2011-01-21T10:56:12","date_gmt":"2011-01-21T10:56:12","guid":{"rendered":"http:\/\/csomor-zarszerviz.hu\/?page_id=7"},"modified":"2021-01-08T15:39:00","modified_gmt":"2021-01-08T15:39:00","slug":"kapcsolat","status":"publish","type":"page","link":"https:\/\/csomor-zarszerviz.hu\/?page_id=7","title":{"rendered":"Kapcsolat"},"content":{"rendered":"<h1 style=\"text-align: center;\">Tel: 06 28 815 370<\/h1>\n<p>C\u00e9g\u00fcnkkel t\u00f6bbf\u00e9le m\u00f3don is felveheti a kapcsolatot. Egyik legk\u00f6nnyebb \u00e9s leggyorsabb m\u00f3dja a bev\u00e1lt telefonon k\u00edv\u00fcl az internet. Telefonsz\u00e1munk az \u00e9v 365 napj\u00e1n h\u00edvhat\u00f3!<\/p>\n","protected":false},"excerpt":{"rendered":"<p>Tel: 06 28 815 370 C\u00e9g\u00fcnkkel t\u00f6bbf\u00e9le m\u00f3don is felveheti a kapcsolatot. Egyik legk\u00f6nnyebb \u00e9s leggyorsabb m\u00f3dja a bev\u00e1lt telefonon k\u00edv\u00fcl az internet. Telefonsz\u00e1munk az \u00e9v 365 napj\u00e1n h\u00edvhat\u00f3!<\/p>\n","protected":false},"author":1,"featured_media":0,"parent":0,"menu_order":1,"comment_status":"closed","ping_status":"closed","template":"","meta":[],"_links":{"self":[{"href":"https:\/\/csomor-zarszerviz.hu\/index.php?rest_route=\/wp\/v2\/pages\/7"}],"collection":[{"href":"https:\/\/csomor-zarszerviz.hu\/index.php?rest_route=\/wp\/v2\/pages"}],"about":[{"href":"https:\/\/csomor-zarszerviz.hu\/index.php?rest_route=\/wp\/v2\/types\/page"}],"author":[{"embeddable":true,"href":"https:\/\/csomor-zarszerviz.hu\/index.php?rest_route=\/wp\/v2\/users\/1"}],"replies":[{"embeddable":true,"href":"https:\/\/csomor-zarszerviz.hu\/index.php?rest_route=%2Fwp%2Fv2%2Fcomments&post=7"}],"version-history":[{"count":5,"href":"https:\/\/csomor-zarszerviz.hu\/index.php?rest_route=\/wp\/v2\/pages\/7\/revisions"}],"predecessor-version":[{"id":17,"href":"https:\/\/csomor-zarszerviz.hu\/index.php?rest_route=\/wp\/v2\/pages\/7\/revisions\/17"}],"wp:attachment":[{"href":"https:\/\/csomor-zarszerviz.hu\/index.php?rest_route=%2Fwp%2Fv2%2Fmedia&parent=7"}],"curies":[{"name":"wp","href":"https:\/\/api.w.org\/{rel}","templated":true}]}}