{"id":31,"date":"2021-01-08T15:54:39","date_gmt":"2021-01-08T15:54:39","guid":{"rendered":"http:\/\/csomor-zarszerviz.hu\/?page_id=31"},"modified":"2021-01-08T15:54:47","modified_gmt":"2021-01-08T15:54:47","slug":"csomor-non-stop-zarszerviz","status":"publish","type":"page","link":"https:\/\/csomor-zarszerviz.hu\/","title":{"rendered":"Cs\u00f6m\u00f6r NON-STOP z\u00e1rszerviz"},"content":{"rendered":"\n<h1 class=\"has-text-align-center\">Tel: <a href=\"tel:0628815370\">06 28 815 370<\/a><\/h1>\n\n\n\n<p>C\u00e9g\u00fcnk non-stop z\u00e1rszerviz szolg\u00e1ltat\u00e1ssal \u00e1ll \u00fcgyfelei rendelkez\u00e9s\u00e9re. A z\u00e1rakon k\u00edv\u00fcl elk\u00e9sz\u00edtj\u00fck az \u00f6n kulcsait, megszerelj\u00fck az \u00f6n ajt\u00f3it a lehet\u0151 legalacsonyabb \u00e1rakon.<\/p>\n\n\n\n<p>Szerviz\u00fcnk legfontosabb c\u00e9lja, hogy \u00fcgyfeleinket maxim\u00e1lisan kiszolg\u00e1ljuk. Ez\u00e9rt minden munk\u00e1nk\u00e9rt j\u00f3t\u00e1llunk.<\/p>\n\n\n\n<p>Non-stop g\u00e9pm\u0171hely\u00fcnk folyamatosan jav\u00edtja, szereli a legnagyobb m\u00e1rk\u00e1kat \u00e9s a saj\u00e1t gy\u00e1rt\u00e1s\u00fa z\u00e1rakat \u00e9s biztons\u00e1gi ajt\u00f3kat.<\/p>\n\n\n\n<p>A h\u00e9t minden napj\u00e1n 24 \u00f3r\u00e1ban nyitva tart\u00f3 g\u00e9pm\u0171hely\u00fcnkben minden fontosabb z\u00e1rm\u00e1rk\u00e1t \u00e9s biztons\u00e1gi ajt\u00f3t garant\u00e1lt min\u0151s\u00e9gben szervizelnek j\u00f3l k\u00e9pzett munkat\u00e1rsaink.<\/p>\n\n\n\n<h2>K\u00fcldet\u00e9s\u00fcnk,<\/h2>\n\n\n\n<p>hogy n\u00edv\u00f3s munk\u00e1val \u00e9s a legalacsonyabb \u00e1rakkal \u00e9rj\u00fck el \u00fcgyfeleink megel\u00e9gedetts\u00e9g\u00e9t.<\/p>\n\n\n\n<h2>B\u00edzzon benn\u00fcnk!<br>\u00c9jjel-nappal az \u00e9v 365 napj\u00e1ban!<\/h2>\n\n\n\n<p>Ha sz\u00fcks\u00e9ge van r\u00e1nk h\u00e9tv\u00e9g\u00e9n, sz\u00fcnnapon. Esetleg helysz\u00edni munk\u00e1ra van sz\u00fcks\u00e9ge, h\u00edvjon minket. \u00c1rainkat mindig a konkurenseink\u00e9i alatt fogja tal\u00e1lni.<\/p>\n\n\n\n<p>Ak\u00e1r egy\u00e9ni, ak\u00e1r \u00fczleti \u00fcgyf\u00e9lk\u00e9nt l\u00e9p vel\u00fcnk kapcsolatba, a legjobb megold\u00e1st k\u00edn\u00e1ljuk \u00f6nnek! Garant\u00e1ltan legjobb \u00e1raink \u00e9rdek\u00e9ben saj\u00e1t g\u00e9pkocsinkb\u00f3l dolgozunk. \u00cdgy munk\u00e1nk k\u00f6lts\u00e9geinek cs\u00f6kken\u00e9se is az \u00f6n jav\u00e1t szolg\u00e1lja! C\u00e9g\u00fcnk vezet\u0151i el\u0151tt az a c\u00e9l lebeg, hogy \u00fcgyfeleink mindig 100%-osan el\u00e9gedettek legyenek. \u00c9s hogy min\u0151s\u00e9gi munk\u00e1t tudjunk ny\u00fajtani minden id\u0151ben \u00e9s helyen.<\/p>\n\n\n\n<p class=\"has-text-align-center\">\u00c9jjel-nappal h\u00edvhat\u00f3 telefonsz\u00e1munk:<\/p>\n\n\n\n<h1 class=\"has-text-align-center\"><a href=\"tel:0628815370\">06 28 815 370<\/a><\/h1>\n","protected":false},"excerpt":{"rendered":"<p>Tel: 06 28 815 370 C\u00e9g\u00fcnk non-stop z\u00e1rszerviz szolg\u00e1ltat\u00e1ssal \u00e1ll \u00fcgyfelei rendelkez\u00e9s\u00e9re. A z\u00e1rakon k\u00edv\u00fcl elk\u00e9sz\u00edtj\u00fck az \u00f6n kulcsait, megszerelj\u00fck az \u00f6n ajt\u00f3it a lehet\u0151 legalacsonyabb \u00e1rakon. Szerviz\u00fcnk legfontosabb c\u00e9lja, hogy \u00fcgyfeleinket maxim\u00e1lisan kiszolg\u00e1ljuk. Ez\u00e9rt minden munk\u00e1nk\u00e9rt j\u00f3t\u00e1llunk. Non-stop g\u00e9pm\u0171hely\u00fcnk folyamatosan jav\u00edtja, szereli a legnagyobb m\u00e1rk\u00e1kat \u00e9s a saj\u00e1t gy\u00e1rt\u00e1s\u00fa z\u00e1rakat \u00e9s biztons\u00e1gi ajt\u00f3kat. A &#8230; <a title=\"Cs\u00f6m\u00f6r NON-STOP z\u00e1rszerviz\" class=\"read-more\" href=\"https:\/\/csomor-zarszerviz.hu\/\" aria-label=\"Tov\u00e1bb Cs\u00f6m\u00f6r NON-STOP z\u00e1rszerviz\">Olvasd tov\u00e1bb &#8230; &gt;<\/a><\/p>\n","protected":false},"author":1,"featured_media":0,"parent":0,"menu_order":0,"comment_status":"closed","ping_status":"closed","template":"","meta":[],"_links":{"self":[{"href":"https:\/\/csomor-zarszerviz.hu\/index.php?rest_route=\/wp\/v2\/pages\/31"}],"collection":[{"href":"https:\/\/csomor-zarszerviz.hu\/index.php?rest_route=\/wp\/v2\/pages"}],"about":[{"href":"https:\/\/csomor-zarszerviz.hu\/index.php?rest_route=\/wp\/v2\/types\/page"}],"author":[{"embeddable":true,"href":"https:\/\/csomor-zarszerviz.hu\/index.php?rest_route=\/wp\/v2\/users\/1"}],"replies":[{"embeddable":true,"href":"https:\/\/csomor-zarszerviz.hu\/index.php?rest_route=%2Fwp%2Fv2%2Fcomments&post=31"}],"version-history":[{"count":1,"href":"https:\/\/csomor-zarszerviz.hu\/index.php?rest_route=\/wp\/v2\/pages\/31\/revisions"}],"predecessor-version":[{"id":33,"href":"https:\/\/csomor-zarszerviz.hu\/index.php?rest_route=\/wp\/v2\/pages\/31\/revisions\/33"}],"wp:attachment":[{"href":"https:\/\/csomor-zarszerviz.hu\/index.php?rest_route=%2Fwp%2Fv2%2Fmedia&parent=31"}],"curies":[{"name":"wp","href":"https:\/\/api.w.org\/{rel}","templated":true}]}}